{"id":1688,"date":"2021-07-20T17:30:16","date_gmt":"2021-07-20T20:30:16","guid":{"rendered":"https:\/\/lab.ccab.org.br\/?page_id=1688"},"modified":"2021-08-25T17:36:54","modified_gmt":"2021-08-25T20:36:54","slug":"o-lab-2","status":"publish","type":"page","link":"https:\/\/lab.ccab.org.br\/?page_id=1688","title":{"rendered":"O LAB"},"content":{"rendered":"\t\t<div data-elementor-type=\"wp-page\" data-elementor-id=\"1688\" class=\"elementor elementor-1688\">\n\t\t\t\t\t\t<section class=\"elementor-section elementor-top-section elementor-element elementor-element-62b5dc9 elementor-section-stretched elementor-section-height-min-height elementor-section-boxed elementor-section-height-default elementor-section-items-middle\" data-id=\"62b5dc9\" data-element_type=\"section\" data-settings=\"{&quot;background_background&quot;:&quot;gradient&quot;,&quot;stretch_section&quot;:&quot;section-stretched&quot;}\">\n\t\t\t\t\t\t\t<div class=\"elementor-background-overlay\"><\/div>\n\t\t\t\t\t\t\t<div class=\"elementor-container elementor-column-gap-extended\">\n\t\t\t\t\t<div class=\"elementor-column elementor-col-100 elementor-top-column elementor-element elementor-element-2b803d6\" data-id=\"2b803d6\" data-element_type=\"column\">\n\t\t\t<div class=\"elementor-widget-wrap\">\n\t\t\t\t\t\t\t<\/div>\n\t\t<\/div>\n\t\t\t\t\t<\/div>\n\t\t<\/section>\n\t\t\t\t<section class=\"elementor-section elementor-top-section elementor-element elementor-element-bf7d0e4 elementor-section-boxed elementor-section-height-default elementor-section-height-default\" data-id=\"bf7d0e4\" data-element_type=\"section\">\n\t\t\t\t\t\t<div class=\"elementor-container elementor-column-gap-default\">\n\t\t\t\t\t<div class=\"elementor-column elementor-col-100 elementor-top-column elementor-element elementor-element-6a2ce59\" data-id=\"6a2ce59\" data-element_type=\"column\">\n\t\t\t<div class=\"elementor-widget-wrap elementor-element-populated\">\n\t\t\t\t\t\t<div class=\"elementor-element elementor-element-42ba7c4 elementor-widget elementor-widget-heading\" data-id=\"42ba7c4\" data-element_type=\"widget\" data-widget_type=\"heading.default\">\n\t\t\t\t<div class=\"elementor-widget-container\">\n\t\t\t\t\t<h1 class=\"elementor-heading-title elementor-size-default\">Miss\u00e3o<\/h1>\t\t\t\t<\/div>\n\t\t\t\t<\/div>\n\t\t\t\t<div class=\"elementor-element elementor-element-373a308 elementor-widget elementor-widget-text-editor\" data-id=\"373a308\" data-element_type=\"widget\" data-widget_type=\"text-editor.default\">\n\t\t\t\t<div class=\"elementor-widget-container\">\n\t\t\t\t\t\t\t\t\t<p>Seguindo a miss\u00e3o da C\u00e2mara de Com\u00e9rcio \u00c1rabe-Brasileira (CCAB), que \u00e9 conectar brasileiros e \u00e1rabes para promover o desenvolvimento econ\u00f4mico, social e cultural, e diante de uma conjuntura de transforma\u00e7\u00e3o digital favor\u00e1vel \u00e0 inova\u00e7\u00e3o, o CCAB Lab tem em sua miss\u00e3o conectar os Ecossistemas de Inova\u00e7\u00e3o brasileiro e \u00e1rabe, disseminando conhecimento sobre os mesmos e ampliando sua atua\u00e7\u00e3o.<\/p>\t\t\t\t\t\t\t\t<\/div>\n\t\t\t\t<\/div>\n\t\t\t\t\t<\/div>\n\t\t<\/div>\n\t\t\t\t\t<\/div>\n\t\t<\/section>\n\t\t\t\t<section class=\"elementor-section elementor-top-section elementor-element elementor-element-e3afed5 elementor-section-boxed elementor-section-height-default elementor-section-height-default\" data-id=\"e3afed5\" data-element_type=\"section\">\n\t\t\t\t\t\t<div class=\"elementor-container elementor-column-gap-default\">\n\t\t\t\t\t<div class=\"elementor-column elementor-col-50 elementor-top-column elementor-element elementor-element-c13c445\" data-id=\"c13c445\" data-element_type=\"column\">\n\t\t\t<div class=\"elementor-widget-wrap elementor-element-populated\">\n\t\t\t\t\t\t<div class=\"elementor-element elementor-element-bd67cf4 elementor-widget elementor-widget-image\" data-id=\"bd67cf4\" data-element_type=\"widget\" data-widget_type=\"image.default\">\n\t\t\t\t<div class=\"elementor-widget-container\">\n\t\t\t\t\t\t\t\t\t\t\t\t\t\t\t<img fetchpriority=\"high\" decoding=\"async\" width=\"2048\" height=\"1365\" src=\"https:\/\/lab.ccab.org.br\/wp-content\/uploads\/2021\/07\/o-lab_img1-01-2048x1365.jpg\" class=\"attachment-2048x2048 size-2048x2048 wp-image-2064\" alt=\"\" srcset=\"https:\/\/lab.ccab.org.br\/wp-content\/uploads\/2021\/07\/o-lab_img1-01-2048x1365.jpg 2048w, https:\/\/lab.ccab.org.br\/wp-content\/uploads\/2021\/07\/o-lab_img1-01-300x200.jpg 300w, https:\/\/lab.ccab.org.br\/wp-content\/uploads\/2021\/07\/o-lab_img1-01-1024x683.jpg 1024w, https:\/\/lab.ccab.org.br\/wp-content\/uploads\/2021\/07\/o-lab_img1-01-768x512.jpg 768w, https:\/\/lab.ccab.org.br\/wp-content\/uploads\/2021\/07\/o-lab_img1-01-1536x1024.jpg 1536w\" sizes=\"(max-width: 2048px) 100vw, 2048px\" \/>\t\t\t\t\t\t\t\t\t\t\t\t\t\t\t<\/div>\n\t\t\t\t<\/div>\n\t\t\t\t\t<\/div>\n\t\t<\/div>\n\t\t\t\t<div class=\"elementor-column elementor-col-50 elementor-top-column elementor-element elementor-element-f8ece5a\" data-id=\"f8ece5a\" data-element_type=\"column\">\n\t\t\t<div class=\"elementor-widget-wrap elementor-element-populated\">\n\t\t\t\t\t\t<div class=\"elementor-element elementor-element-8a779c4 elementor-widget elementor-widget-heading\" data-id=\"8a779c4\" data-element_type=\"widget\" data-widget_type=\"heading.default\">\n\t\t\t\t<div class=\"elementor-widget-container\">\n\t\t\t\t\t<h1 class=\"elementor-heading-title elementor-size-default\">Vis\u00e3o<\/h1>\t\t\t\t<\/div>\n\t\t\t\t<\/div>\n\t\t\t\t<div class=\"elementor-element elementor-element-9d87ebf elementor-widget elementor-widget-text-editor\" data-id=\"9d87ebf\" data-element_type=\"widget\" data-widget_type=\"text-editor.default\">\n\t\t\t\t<div class=\"elementor-widget-container\">\n\t\t\t\t\t\t\t\t\tEntende-se ser necess\u00e1ria a cria\u00e7\u00e3o de um espa\u00e7o de inova\u00e7\u00e3o da entidade de forma a atuar mais ativamente com setores de tecnologia e inova\u00e7\u00e3o, envolvendo todo o Ecossistema. Assim, o CCAB Lab visa ser <strong>um agente facilitador e refer\u00eancia na aproxima\u00e7\u00e3o dos Ecossistemas de Inova\u00e7\u00e3o brasileiro e \u00c1rabe.<\/strong>\t\t\t\t\t\t\t\t<\/div>\n\t\t\t\t<\/div>\n\t\t\t\t\t<\/div>\n\t\t<\/div>\n\t\t\t\t\t<\/div>\n\t\t<\/section>\n\t\t\t\t<section class=\"elementor-section elementor-top-section elementor-element elementor-element-381acfa elementor-section-boxed elementor-section-height-default elementor-section-height-default\" data-id=\"381acfa\" data-element_type=\"section\">\n\t\t\t\t\t\t<div class=\"elementor-container elementor-column-gap-default\">\n\t\t\t\t\t<div class=\"elementor-column elementor-col-100 elementor-top-column elementor-element elementor-element-ea3ec71\" data-id=\"ea3ec71\" data-element_type=\"column\">\n\t\t\t<div class=\"elementor-widget-wrap elementor-element-populated\">\n\t\t\t\t\t\t<div class=\"elementor-element elementor-element-e9a7ba8 elementor-widget elementor-widget-heading\" data-id=\"e9a7ba8\" data-element_type=\"widget\" data-widget_type=\"heading.default\">\n\t\t\t\t<div class=\"elementor-widget-container\">\n\t\t\t\t\t<h1 class=\"elementor-heading-title elementor-size-default\">Objetivos<\/h1>\t\t\t\t<\/div>\n\t\t\t\t<\/div>\n\t\t\t\t<div class=\"elementor-element elementor-element-776d910 elementor-widget elementor-widget-text-editor\" data-id=\"776d910\" data-element_type=\"widget\" data-widget_type=\"text-editor.default\">\n\t\t\t\t<div class=\"elementor-widget-container\">\n\t\t\t\t\t\t\t\t\t<p>O CCAB Lab tem por objetivo ser um espa\u00e7o\/hub de inova\u00e7\u00e3o para a internacionaliza\u00e7\u00e3o de startups e empresas de base tecnol\u00f3gica e um agente facilitador para aproxima\u00e7\u00e3o dos Ecossistemas brasileiro e \u00e1rabe.<\/p><p>Pela cria\u00e7\u00e3o do CCAB Lab, pretende-se auxiliar os diferentes atores dos Ecossistemas na aproxima\u00e7\u00e3o entre Brasil \u2013 Pa\u00edses \u00c1rabes e internacionaliza\u00e7\u00e3o, desenvolvendo atividades de sensibiliza\u00e7\u00e3o, capacita\u00e7\u00e3o, apresenta\u00e7\u00e3o de solu\u00e7\u00f5es e conex\u00e3o entre stakeholders.<\/p>\t\t\t\t\t\t\t\t<\/div>\n\t\t\t\t<\/div>\n\t\t\t\t<div class=\"elementor-element elementor-element-baf65d1 elementor-widget elementor-widget-heading\" data-id=\"baf65d1\" data-element_type=\"widget\" data-widget_type=\"heading.default\">\n\t\t\t\t<div class=\"elementor-widget-container\">\n\t\t\t\t\t<h1 class=\"elementor-heading-title elementor-size-default\">Objetivos Espec\u00edficos<\/h1>\t\t\t\t<\/div>\n\t\t\t\t<\/div>\n\t\t\t\t<div class=\"elementor-element elementor-element-65dab57 elementor-widget elementor-widget-text-editor\" data-id=\"65dab57\" data-element_type=\"widget\" data-widget_type=\"text-editor.default\">\n\t\t\t\t<div class=\"elementor-widget-container\">\n\t\t\t\t\t\t\t\t\t<p><strong>I.<\/strong> Incentivar a internacionaliza\u00e7\u00e3o de start-ups, scale-ups e empresas de base tecnol\u00f3gica para os mercados brasileiro e \u00e1rabe;<br \/><strong>II.<\/strong> Proporcionar networking entre os participantes, atrav\u00e9s de encontros\/eventos para troca de expertise;<br \/><strong>III.<\/strong> Proporcionar acesso a conte\u00fado;<br \/><strong>IV.<\/strong> Proporcionar capacita\u00e7\u00e3o para internacionaliza\u00e7\u00e3o aos pa\u00edses \u00e1rabes;<br \/><strong>V.<\/strong> Oferecer facilita\u00e7\u00e3o na conex\u00e3o com mentores parceiros.<\/p>\t\t\t\t\t\t\t\t<\/div>\n\t\t\t\t<\/div>\n\t\t\t\t\t<\/div>\n\t\t<\/div>\n\t\t\t\t\t<\/div>\n\t\t<\/section>\n\t\t\t\t<\/div>\n\t\t","protected":false},"excerpt":{"rendered":"<p>Miss\u00e3o Seguindo a miss\u00e3o da C\u00e2mara de Com\u00e9rcio \u00c1rabe-Brasileira (CCAB), que \u00e9 conectar brasileiros e \u00e1rabes para promover o desenvolvimento econ\u00f4mico, social e cultural, e diante de uma conjuntura de [&hellip;]<\/p>\n","protected":false},"author":2,"featured_media":0,"parent":0,"menu_order":0,"comment_status":"closed","ping_status":"closed","template":"page-templates\/pagebuilder.php","meta":{"zakra_sidebar_layout":"customizer","zakra_remove_content_margin":false,"zakra_sidebar":"customizer","zakra_transparent_header":"customizer","zakra_logo":0,"zakra_main_header_style":"default","zakra_menu_item_color":"","zakra_menu_item_hover_color":"","zakra_menu_item_active_color":"","zakra_menu_active_style":"","zakra_page_header":true,"om_disable_all_campaigns":false,"_monsterinsights_skip_tracking":false,"_monsterinsights_sitenote_active":false,"_monsterinsights_sitenote_note":"","_monsterinsights_sitenote_category":0,"footnotes":""},"class_list":["post-1688","page","type-page","status-publish","hentry"],"aioseo_notices":[],"_links":{"self":[{"href":"https:\/\/lab.ccab.org.br\/index.php?rest_route=\/wp\/v2\/pages\/1688","targetHints":{"allow":["GET"]}}],"collection":[{"href":"https:\/\/lab.ccab.org.br\/index.php?rest_route=\/wp\/v2\/pages"}],"about":[{"href":"https:\/\/lab.ccab.org.br\/index.php?rest_route=\/wp\/v2\/types\/page"}],"author":[{"embeddable":true,"href":"https:\/\/lab.ccab.org.br\/index.php?rest_route=\/wp\/v2\/users\/2"}],"replies":[{"embeddable":true,"href":"https:\/\/lab.ccab.org.br\/index.php?rest_route=%2Fwp%2Fv2%2Fcomments&post=1688"}],"version-history":[{"count":61,"href":"https:\/\/lab.ccab.org.br\/index.php?rest_route=\/wp\/v2\/pages\/1688\/revisions"}],"predecessor-version":[{"id":2378,"href":"https:\/\/lab.ccab.org.br\/index.php?rest_route=\/wp\/v2\/pages\/1688\/revisions\/2378"}],"wp:attachment":[{"href":"https:\/\/lab.ccab.org.br\/index.php?rest_route=%2Fwp%2Fv2%2Fmedia&parent=1688"}],"curies":[{"name":"wp","href":"https:\/\/api.w.org\/{rel}","templated":true}]}}